{"id":3531,"date":"2021-07-29T10:06:05","date_gmt":"2021-07-29T09:06:05","guid":{"rendered":"http:\/\/www.kassape-sanson.com\/actualite\/?page_id=3531"},"modified":"2026-03-11T11:19:59","modified_gmt":"2026-03-11T10:19:59","slug":"quelques-videos","status":"publish","type":"page","link":"https:\/\/www.kassape-sanson.com\/actualite\/quelques-videos\/","title":{"rendered":"Quelques vid\u00e9os&#8230;"},"content":{"rendered":"<hr \/>\n<p>D\u00e9couvrez sur cette page quelques vid\u00e9os tourn\u00e9es autour de mon travail (Art en Nord, Journal de TF1 , \u00ab\u00a0M\u00e9t\u00e9o \u00e0 la carte\u00a0\u00bb France3, Journal r\u00e9gional de France3&#8230;)<br \/>\nJe remercie au passage tous les acteurs de ces petits instants de vie, merci \u00e9galement pour leur confiance et surtout &#8230; leur patience !<\/p>\n<div style=\"width: 1170px;\" class=\"wp-video\"><video class=\"wp-video-shortcode\" id=\"video-3531-1\" width=\"1170\" height=\"658\" preload=\"metadata\" controls=\"controls\"><source type=\"video\/mp4\" src=\"https:\/\/www.kassape-sanson.com\/actualite\/wp-content\/uploads\/2026\/03\/Reportage-FR3-Mars-2026-Messenger.mp4?_=1\" \/><a href=\"https:\/\/www.kassape-sanson.com\/actualite\/wp-content\/uploads\/2026\/03\/Reportage-FR3-Mars-2026-Messenger.mp4\">https:\/\/www.kassape-sanson.com\/actualite\/wp-content\/uploads\/2026\/03\/Reportage-FR3-Mars-2026-Messenger.mp4<\/a><\/video><\/div>\n<hr \/>\n<p style=\"text-align: center;\"><iframe loading=\"lazy\" title=\"YouTube video player\" src=\"https:\/\/www.youtube.com\/embed\/NkxdB_kAbbQ\" width=\"560\" height=\"315\" frameborder=\"0\" allowfullscreen=\"allowfullscreen\"><\/iframe><\/p>\n<hr \/>\n<p style=\"text-align: center;\"><iframe loading=\"lazy\" title=\"YouTube video player\" src=\"https:\/\/www.youtube.com\/embed\/QEIztYuyXas\" width=\"560\" height=\"315\" frameborder=\"0\" allowfullscreen=\"allowfullscreen\"><\/iframe><\/p>\n<hr \/>\n<p style=\"text-align: center;\"><iframe loading=\"lazy\" title=\"YouTube video player\" src=\"https:\/\/www.youtube.com\/embed\/7JBCvhUZjeE\" width=\"560\" height=\"315\" frameborder=\"0\" allowfullscreen=\"allowfullscreen\"><\/iframe><\/p>\n<hr \/>\n<p><a href=\"https:\/\/www.youtube.com\/watch?v=uR6Mv7RvsMU\" target=\"_blank\" rel=\"noopener\"><img data-recalc-dims=\"1\" loading=\"lazy\" decoding=\"async\" class=\"aligncenter wp-image-4529\" title=\"reportage tf1 kassape sanson\" src=\"https:\/\/i0.wp.com\/www.kassape-sanson.com\/actualite\/wp-content\/uploads\/2021\/08\/image414664.png?resize=560%2C316&#038;ssl=1\" alt=\"\" width=\"560\" height=\"316\" srcset=\"https:\/\/i0.wp.com\/www.kassape-sanson.com\/actualite\/wp-content\/uploads\/2021\/08\/image414664.png?w=600&amp;ssl=1 600w, https:\/\/i0.wp.com\/www.kassape-sanson.com\/actualite\/wp-content\/uploads\/2021\/08\/image414664.png?resize=300%2C170&amp;ssl=1 300w, https:\/\/i0.wp.com\/www.kassape-sanson.com\/actualite\/wp-content\/uploads\/2021\/08\/image414664.png?resize=250%2C141&amp;ssl=1 250w\" sizes=\"auto, (max-width: 560px) 100vw, 560px\" \/><\/a><\/p>\n<p style=\"text-align: center;\">Au journal t\u00e9l\u00e9vis\u00e9 de 13h00 (Jean-Pierre Pernaut) , vid\u00e9o uniquement visible sur Youtube pour des raisons de droits : <a href=\"https:\/\/www.youtube.com\/watch?v=uR6Mv7RvsMU\">Kassape Sanson reportage TF1 14 juin 2017.<\/a><\/p>\n<p>&nbsp;<\/p>\n","protected":false},"excerpt":{"rendered":"<p>D\u00e9couvrez sur cette page quelques vid\u00e9os tourn\u00e9es autour de mon travail (Art en Nord, Journal de TF1 , \u00ab\u00a0M\u00e9t\u00e9o \u00e0 la carte\u00a0\u00bb France3, Journal r\u00e9gional de France3&#8230;) Je remercie au passage tous les acteurs de ces petits instants de vie, merci \u00e9galement pour leur confiance et surtout &#8230; leur patience ! Au journal t\u00e9l\u00e9vis\u00e9 de [&hellip;]<\/p>\n","protected":false},"author":1,"featured_media":0,"parent":0,"menu_order":0,"comment_status":"closed","ping_status":"closed","template":"","meta":{"_seopress_robots_primary_cat":"","_seopress_titles_title":"L'Artiste en quelques vid\u00e9os : La somme mise \u00e0 l'honneur","_seopress_titles_desc":"Souvent actrice de reportages sur la Baie de Somme, Kassape ne tarie pas de mots pour d\u00e9crire sa passion autour de Saint Valery.","_seopress_robots_index":"","footnotes":""},"class_list":["post-3531","page","type-page","status-publish","hentry"],"jetpack_sharing_enabled":true,"_links":{"self":[{"href":"https:\/\/www.kassape-sanson.com\/actualite\/wp-json\/wp\/v2\/pages\/3531","targetHints":{"allow":["GET"]}}],"collection":[{"href":"https:\/\/www.kassape-sanson.com\/actualite\/wp-json\/wp\/v2\/pages"}],"about":[{"href":"https:\/\/www.kassape-sanson.com\/actualite\/wp-json\/wp\/v2\/types\/page"}],"author":[{"embeddable":true,"href":"https:\/\/www.kassape-sanson.com\/actualite\/wp-json\/wp\/v2\/users\/1"}],"replies":[{"embeddable":true,"href":"https:\/\/www.kassape-sanson.com\/actualite\/wp-json\/wp\/v2\/comments?post=3531"}],"version-history":[{"count":11,"href":"https:\/\/www.kassape-sanson.com\/actualite\/wp-json\/wp\/v2\/pages\/3531\/revisions"}],"predecessor-version":[{"id":6342,"href":"https:\/\/www.kassape-sanson.com\/actualite\/wp-json\/wp\/v2\/pages\/3531\/revisions\/6342"}],"wp:attachment":[{"href":"https:\/\/www.kassape-sanson.com\/actualite\/wp-json\/wp\/v2\/media?parent=3531"}],"curies":[{"name":"wp","href":"https:\/\/api.w.org\/{rel}","templated":true}]}}