{"id":3529,"date":"2021-07-29T10:05:50","date_gmt":"2021-07-29T09:05:50","guid":{"rendered":"http:\/\/www.kassape-sanson.com\/actualite\/?page_id=3529"},"modified":"2022-01-25T10:23:55","modified_gmt":"2022-01-25T09:23:55","slug":"association-territoire-baie-de-somme","status":"publish","type":"page","link":"https:\/\/www.kassape-sanson.com\/actualite\/association-territoire-baie-de-somme\/","title":{"rendered":"Association Territoire Baie de Somme"},"content":{"rendered":"<hr \/>\n<p style=\"text-align: center;\"><strong>Si\u00e8ge Social : chez Daniel Houart 302, rue de Neuville 80230 Saint-Valery-sur-Somme.<\/strong><\/p>\n<p><img data-recalc-dims=\"1\" loading=\"lazy\" decoding=\"async\" class=\"aligncenter wp-image-3538 size-full\" title=\"Association territoire baie de somme\" src=\"https:\/\/i0.wp.com\/www.kassape-sanson.com\/actualite\/wp-content\/uploads\/2021\/07\/tbds-1.gif?resize=900%2C631\" alt=\"Territoire baie de somme\" width=\"900\" height=\"631\" \/><\/p>\n<p class=\"Style8\" style=\"text-align: center;\" align=\"center\"><strong>QUI SOMMES-NOUS :<\/strong><\/p>\n<p class=\"Style14\" style=\"text-align: center;\" align=\"center\">Membres fondateurs :<\/p>\n<div class=\"Style12\" style=\"text-align: center;\" align=\"center\">Kassape Sanson, Jane Trouv\u00e9, Didier Simonin<br \/>\nPr\u00e9sident : Didier Simonin<br \/>\nPr\u00e9sidente d&rsquo;honneur : Jane Trouv\u00e9<\/div>\n<p class=\"Style14\" style=\"text-align: center;\" align=\"center\">Les acteurs de l&rsquo;association :<\/p>\n<p style=\"text-align: center;\">Pippa Darbyshire, peintre<\/p>\n<p style=\"text-align: center;\">Elisa Freudenreich, modelage et bronzes<\/p>\n<p style=\"text-align: center;\">Kassape Sanson, peintre<\/p>\n<p style=\"text-align: center;\">Daniel Houart, sculptures bois<\/p>\n<p style=\"text-align: center;\">Nicolas de Rainvillers, bestioles m\u00e9tal<\/p>\n<p style=\"text-align: center;\">Olivier Hernandez, photos<\/p>\n<p style=\"text-align: center;\">Pierre de Lavalette, lampes m\u00e9tal<\/p>\n<p style=\"text-align: center;\">Yann Dupont, rakus.<\/p>\n<ul>\n<li>\n<hr \/>\n<p>Graphiste : Jane Trouv\u00e9\u00a0<a href=\"mailto:jane.trouve@wanadoo.fr\">jane.trouve@wanadoo.fr<\/a><\/li>\n<li>Secr\u00e9taire, tr\u00e9sorier : Kassape Sanson <a href=\"mailto:kassape@wanadoo.fr\">kassape@wanadoo.fr<\/a><\/li>\n<li>Si\u00e8ge Social : TBS chez Daniel Houart\u00a0302, rue de Neuville 80230 Saint-Valery-sur-Somme<\/li>\n<li><strong>CONTACT : Kassape SANSON 03 22 60 74 87 ou 06 70 51 04 13 \/ COURRIERS : TBS chez Kassape SANSON 3, rue du fond du val 80230 Pend\u00e9<\/strong><\/li>\n<\/ul>\n<hr \/>\n<p align=\"center\">\n","protected":false},"excerpt":{"rendered":"<p>Si\u00e8ge Social : chez Daniel Houart 302, rue de Neuville 80230 Saint-Valery-sur-Somme. QUI SOMMES-NOUS : Membres fondateurs : Kassape Sanson, Jane Trouv\u00e9, Didier Simonin Pr\u00e9sident : Didier Simonin Pr\u00e9sidente d&rsquo;honneur : Jane Trouv\u00e9 Les acteurs de l&rsquo;association : Pippa Darbyshire, peintre Elisa Freudenreich, modelage et bronzes Kassape Sanson, peintre Daniel Houart, sculptures bois Nicolas de [&hellip;]<\/p>\n","protected":false},"author":1,"featured_media":0,"parent":0,"menu_order":0,"comment_status":"closed","ping_status":"closed","template":"","meta":{"_seopress_robots_primary_cat":"","_seopress_titles_title":"","_seopress_titles_desc":"Territoire Baie de Somme est une association qui a pour but de mettre en valeur les acteurs de la baie : artistes et artisans de talent.","_seopress_robots_index":"","footnotes":""},"class_list":["post-3529","page","type-page","status-publish","hentry"],"jetpack_sharing_enabled":true,"_links":{"self":[{"href":"https:\/\/www.kassape-sanson.com\/actualite\/wp-json\/wp\/v2\/pages\/3529","targetHints":{"allow":["GET"]}}],"collection":[{"href":"https:\/\/www.kassape-sanson.com\/actualite\/wp-json\/wp\/v2\/pages"}],"about":[{"href":"https:\/\/www.kassape-sanson.com\/actualite\/wp-json\/wp\/v2\/types\/page"}],"author":[{"embeddable":true,"href":"https:\/\/www.kassape-sanson.com\/actualite\/wp-json\/wp\/v2\/users\/1"}],"replies":[{"embeddable":true,"href":"https:\/\/www.kassape-sanson.com\/actualite\/wp-json\/wp\/v2\/comments?post=3529"}],"version-history":[{"count":14,"href":"https:\/\/www.kassape-sanson.com\/actualite\/wp-json\/wp\/v2\/pages\/3529\/revisions"}],"predecessor-version":[{"id":4672,"href":"https:\/\/www.kassape-sanson.com\/actualite\/wp-json\/wp\/v2\/pages\/3529\/revisions\/4672"}],"wp:attachment":[{"href":"https:\/\/www.kassape-sanson.com\/actualite\/wp-json\/wp\/v2\/media?parent=3529"}],"curies":[{"name":"wp","href":"https:\/\/api.w.org\/{rel}","templated":true}]}}