{"id":3525,"date":"2021-07-29T10:05:14","date_gmt":"2021-07-29T09:05:14","guid":{"rendered":"http:\/\/www.kassape-sanson.com\/actualite\/?page_id=3525"},"modified":"2022-01-25T10:32:02","modified_gmt":"2022-01-25T09:32:02","slug":"partenaires-baie-de-somme-et-associes","status":"publish","type":"page","link":"https:\/\/www.kassape-sanson.com\/actualite\/partenaires-baie-de-somme-et-associes\/","title":{"rendered":"Partenaires Baie de Somme et associ\u00e9s"},"content":{"rendered":"<p align=\"center\"><a href=\"https:\/\/www.art-en-nord.fr\/artistes-hauts-de-france\/kassape-sanson\/\" target=\"_blank\" rel=\"noopener\"><img data-recalc-dims=\"1\" loading=\"lazy\" decoding=\"async\" class=\"aligncenter\" src=\"https:\/\/i0.wp.com\/www.kassape-sanson.com\/ban-aen.png?resize=110%2C91\" alt=\"expo d'artistes peintres et sculpteurs\" width=\"110\" height=\"91\" border=\"0\" \/><\/a><\/p>\n<p align=\"center\"><a href=\"https:\/\/www.art-en-nord.fr\/artistes-hauts-de-france\/kassape-sanson\/\">J&rsquo;expose mon travail sur Art-en-Nord<\/a>, un site de qualit\u00e9 qui fait la part belle aux artistes r\u00e9gionnaux : Nord, Pas-de-Calais et bien entendu, la Picardie !<\/p>\n<div align=\"center\">\n<hr \/>\n<\/div>\n<div align=\"center\"><a href=\"http:\/\/www.funiculart.fr\/\"><img data-recalc-dims=\"1\" loading=\"lazy\" decoding=\"async\" class=\"aligncenter\" src=\"https:\/\/i0.wp.com\/www.kassape-sanson.com\/funiculart.png?resize=100%2C105\" alt=\"funiculart\" width=\"100\" height=\"105\" border=\"0\" \/><\/a><\/div>\n<p style=\"text-align: center;\" align=\"center\"><a href=\"http:\/\/www.funiculart.fr\/ressources\/\">Funiculart<\/a> : les artistes partagent sur ce site les galeries dans lesquelles ils ont trouv\u00e9 <a href=\"http:\/\/www.funiculart.fr\/galeries-lieux-expositions-nord-pas-de-calais-picardie.php\" target=\"_blank\" rel=\"noopener\">un int\u00e9r\u00eat certain \u00e0 exposer<\/a>. Soit pour l&rsquo;accueil, la richesse des passages, le lieu&#8230; Une bonne base de donn\u00e9es pour les peintres.<\/p>\n<div align=\"center\">\n<hr \/>\n<p><a href=\"http:\/\/www.kassape-sanson.com\/territoire-baie-de-somme-association.php\" target=\"_blank\" rel=\"noopener\"><img data-recalc-dims=\"1\" loading=\"lazy\" decoding=\"async\" class=\"aligncenter\" src=\"https:\/\/i0.wp.com\/www.kassape-sanson.com\/banniere-atbs.png?resize=394%2C55\" alt=\"territoire baie de somme\" width=\"394\" height=\"55\" border=\"0\" \/><\/a><\/p>\n<hr \/>\n<\/div>\n<div align=\"center\"><a href=\"http:\/\/www.artabus.com\/kassape\/\" target=\"_blank\" rel=\"noopener\"><img data-recalc-dims=\"1\" decoding=\"async\" src=\"https:\/\/i0.wp.com\/www.kassape-sanson.com\/artabus.gif?w=1170\" alt=\"galerie artabus\" \/><\/a><\/div>\n<div align=\"center\">\n<hr \/>\n<p><a href=\"http:\/\/la-sardine.com\/\" target=\"_blank\" rel=\"noopener\"><img data-recalc-dims=\"1\" loading=\"lazy\" decoding=\"async\" class=\"aligncenter\" src=\"https:\/\/i0.wp.com\/www.kassape-sanson.com\/la-sardine-saint-valery.jpg?resize=100%2C110\" alt=\"la sardine saint valery sur somme\" width=\"100\" height=\"110\" border=\"0\" \/><\/a><\/p>\n<\/div>\n<p style=\"text-align: center;\">Install\u00e9e dans les anciens locaux d\u2019un mareyeur,\u00a0<a href=\"http:\/\/la-sardine.com\/\" target=\"_blank\" rel=\"noopener\"><strong>Anne-France Rouxel\u00a0<\/strong><\/a>vous accueille dans sa boutique\u00a0d\u00e9di\u00e9e \u00e0 la mer.<br \/>\nCr\u00e9ateurs et Artistes locaux sont \u00e9galement expos\u00e9s et mis \u00e0 l&rsquo;honneur&#8230;<\/p>\n<hr \/>\n<p align=\"center\"><a href=\"http:\/\/www.cfbs.eu\/\"><img data-recalc-dims=\"1\" loading=\"lazy\" decoding=\"async\" class=\"aligncenter\" src=\"https:\/\/i0.wp.com\/www.kassape-sanson.com\/cfbs.gif?resize=125%2C129\" alt=\"chemin de fer de la baie de somme\" width=\"125\" height=\"129\" border=\"0\" \/><\/a><a href=\"http:\/\/www.cfbs.eu\/\" target=\"_blank\" rel=\"noopener\">Chemin de Fer de la Baie de Somme<\/a> : Venez d\u00e9couvrir la Baie de Somme d&rsquo;une mani\u00e8re bucolique \u00e0 bord d&rsquo;un train d&rsquo;antan.<\/p>\n<hr \/>\n<p align=\"center\"><a href=\"http:\/\/www.latitude50.com\/\"><img data-recalc-dims=\"1\" loading=\"lazy\" decoding=\"async\" class=\"aligncenter\" src=\"https:\/\/i0.wp.com\/www.kassape-sanson.com\/Latitude-50.jpg?resize=200%2C98\" alt=\"latitude 50 st val\" width=\"200\" height=\"98\" border=\"0\" \/><\/a><strong><a href=\"http:\/\/www.latitude50.com\/\">Concessionnaire Jeanneau, Bombard et Mercury,<\/a><\/strong><a href=\"http:\/\/www.latitude50.com\/\"><strong>\u00a0Latitude 50<\/strong><\/a>\u00a0 se situe face au port de plaisance de Saint-Valery sur Somme. Un lieu incontournable pour tous les marins dans l&rsquo;\u00e2me !<\/p>\n<div align=\"center\">\n<hr \/>\n<\/div>\n<div align=\"center\"><a href=\"http:\/\/www.saint-valery-sur-somme.fr\/\" target=\"_blank\" rel=\"noopener\"><img data-recalc-dims=\"1\" loading=\"lazy\" decoding=\"async\" src=\"https:\/\/i0.wp.com\/www.kassape-sanson.com\/logo-otsi.jpg?resize=400%2C46\" alt=\"saint valery sur somme\" width=\"400\" height=\"46\" border=\"0\" \/><\/a><\/div>\n<div align=\"center\">\n<hr \/>\n<\/div>\n<div align=\"center\"><a href=\"http:\/\/www.mary-chaplin.com\/\" target=\"_blank\" rel=\"noopener\"><img data-recalc-dims=\"1\" loading=\"lazy\" decoding=\"async\" class=\"aligncenter\" src=\"https:\/\/i0.wp.com\/www.kassape-sanson.com\/ban-chaplin-468x60.png?resize=468%2C60\" alt=\"artiste peintre luministe acheux en amiennois\" width=\"468\" height=\"60\" border=\"0\" \/><\/a><\/div>\n<div align=\"center\">\n<p style=\"text-align: center;\">Mary Chaplin,\u00a0<a href=\"http:\/\/www.mary-chaplin.com\/\">Artiste figurative Picarde.<\/a>\u00a0Visitez \u00e9galement le deuxi\u00e8me site de mon amie Picarde, consacr\u00e9 \u00e0 son\u00a0<a href=\"http:\/\/www.marychaplin-peintreluministe.com\/\">travail abstrait : Mary chaplin, peintre Luministe<\/a><\/p>\n<hr \/>\n<\/div>\n<p align=\"center\"><a href=\"http:\/\/picardie.france3.fr\/info\/\" target=\"_blank\" rel=\"noopener\"><img data-recalc-dims=\"1\" loading=\"lazy\" decoding=\"async\" class=\"aligncenter\" src=\"https:\/\/i0.wp.com\/www.kassape-sanson.com\/Logo-France3-regional-NPCP.png?resize=157%2C100\" alt=\"france 3 nord picardie\" width=\"157\" height=\"100\" border=\"0\" \/><\/a>France3 Picardie est une chaine incontournable pour tous les amoureux de notre belle r\u00e9gion. Ils m&rsquo;ont fait l&rsquo;honneur d&rsquo;un <a href=\"http:\/\/www.youtube.com\/watch?v=7JBCvhUZjeE&amp;feature=player_embedded\" target=\"_blank\" rel=\"noopener\">reportage au sein de mon atelier.<\/a><\/p>\n","protected":false},"excerpt":{"rendered":"<p>J&rsquo;expose mon travail sur Art-en-Nord, un site de qualit\u00e9 qui fait la part belle aux artistes r\u00e9gionnaux : Nord, Pas-de-Calais et bien entendu, la Picardie ! Funiculart : les artistes partagent sur ce site les galeries dans lesquelles ils ont trouv\u00e9 un int\u00e9r\u00eat certain \u00e0 exposer. Soit pour l&rsquo;accueil, la richesse des passages, le lieu&#8230; [&hellip;]<\/p>\n","protected":false},"author":1,"featured_media":0,"parent":0,"menu_order":0,"comment_status":"closed","ping_status":"closed","template":"","meta":{"_seopress_robots_primary_cat":"","_seopress_titles_title":"Associ\u00e9s et bons plans : des sites qui comptent r\u00e9ellement.","_seopress_titles_desc":"Artistes, associations et artisans de la r\u00e9gion Hauts de France \/ Picardie. Les incontournables et les must have !","_seopress_robots_index":"","footnotes":""},"class_list":["post-3525","page","type-page","status-publish","hentry"],"jetpack_sharing_enabled":true,"_links":{"self":[{"href":"https:\/\/www.kassape-sanson.com\/actualite\/wp-json\/wp\/v2\/pages\/3525","targetHints":{"allow":["GET"]}}],"collection":[{"href":"https:\/\/www.kassape-sanson.com\/actualite\/wp-json\/wp\/v2\/pages"}],"about":[{"href":"https:\/\/www.kassape-sanson.com\/actualite\/wp-json\/wp\/v2\/types\/page"}],"author":[{"embeddable":true,"href":"https:\/\/www.kassape-sanson.com\/actualite\/wp-json\/wp\/v2\/users\/1"}],"replies":[{"embeddable":true,"href":"https:\/\/www.kassape-sanson.com\/actualite\/wp-json\/wp\/v2\/comments?post=3525"}],"version-history":[{"count":8,"href":"https:\/\/www.kassape-sanson.com\/actualite\/wp-json\/wp\/v2\/pages\/3525\/revisions"}],"predecessor-version":[{"id":4596,"href":"https:\/\/www.kassape-sanson.com\/actualite\/wp-json\/wp\/v2\/pages\/3525\/revisions\/4596"}],"wp:attachment":[{"href":"https:\/\/www.kassape-sanson.com\/actualite\/wp-json\/wp\/v2\/media?parent=3525"}],"curies":[{"name":"wp","href":"https:\/\/api.w.org\/{rel}","templated":true}]}}